{"id":12959,"date":"2025-08-11T15:28:56","date_gmt":"2025-08-11T15:28:56","guid":{"rendered":"https:\/\/metcomgradnja.com\/?page_id=12959"},"modified":"2025-10-31T22:15:51","modified_gmt":"2025-10-31T21:15:51","slug":"prodaja-stanova-masarikova","status":"publish","type":"page","link":"https:\/\/metcomgradnja.com\/tr\/prodaja-stanova-masarikova\/","title":{"rendered":"Prodaja Stanova Masarikova"},"content":{"rendered":"\t\t<div data-elementor-type=\"wp-page\" data-elementor-id=\"12959\" class=\"elementor elementor-12959\" data-elementor-post-type=\"page\">\n\t\t\t\t<div class=\"elementor-element elementor-element-e8e5464 thegem-e-con-layout-thegem e-flex e-con-boxed e-con e-parent\" data-id=\"e8e5464\" data-element_type=\"container\" data-e-type=\"container\" data-settings=\"{&quot;background_background&quot;:&quot;classic&quot;,&quot;thegem_container_layout&quot;:&quot;thegem&quot;}\">\r\n\t\t\t\t\t<div class=\"e-con-inner\">\r\n\t\t<div class=\"elementor-element elementor-element-081d906 e-con-full thegem-e-con-layout-thegem e-flex e-con e-child\" data-id=\"081d906\" data-element_type=\"container\" data-e-type=\"container\" data-settings=\"{&quot;thegem_container_layout&quot;:&quot;thegem&quot;}\">\r\n\t\t\t\t<div class=\"elementor-element elementor-element-fb657f9 flex-horizontal-align-default flex-horizontal-align-tablet-default flex-horizontal-align-mobile-default flex-vertical-align-default flex-vertical-align-tablet-default flex-vertical-align-mobile-default elementor-widget elementor-widget-text-editor\" data-id=\"fb657f9\" data-element_type=\"widget\" data-e-type=\"widget\" data-widget_type=\"text-editor.default\">\n\t\t\t\t<div class=\"elementor-widget-container\">\n\t\t\t\t\t\t\t\t\t\t\t\t<div class=\"elementor-text-editor elementor-clearfix\">\r\n\t\t\t\t\t\t<h1 style=\"text-align: left;\">Prodaja Stanova Masarikova &#8211; <span style=\"color: red;\">RASPRODATO<\/span><\/h1>\t\t\t\t\t\t\t<\/div>\r\n\t\t\t\t\t\t\t\t\t\t<\/div>\n\t\t\t\t<\/div>\n\t\t\t\t<\/div>\n\t\t\t\t\t<\/div>\n\t\t\t\t<\/div>\n\t\t<div class=\"elementor-element elementor-element-9240acf e-con-full e-grid elementor-hidden-desktop elementor-hidden-tablet elementor-hidden-mobile thegem-e-con-layout-thegem e-con e-parent\" data-id=\"9240acf\" data-element_type=\"container\" data-e-type=\"container\" data-settings=\"{&quot;background_background&quot;:&quot;classic&quot;,&quot;thegem_container_layout&quot;:&quot;thegem&quot;}\">\r\n\t\t<div class=\"elementor-element elementor-element-923d2e5 e-con-full thegem-e-con-layout-thegem e-flex e-con e-child\" data-id=\"923d2e5\" data-element_type=\"container\" data-e-type=\"container\" data-settings=\"{&quot;background_background&quot;:&quot;classic&quot;,&quot;thegem_container_layout&quot;:&quot;thegem&quot;}\">\r\n\t\t\t\t<\/div>\n\t\t\t\t<\/div>\n\t\t<div class=\"elementor-element elementor-element-81b72f8 e-con-full e-grid thegem-e-con-layout-thegem e-con e-parent\" data-id=\"81b72f8\" data-element_type=\"container\" data-e-type=\"container\" data-settings=\"{&quot;thegem_container_layout&quot;:&quot;thegem&quot;}\">\r\n\t\t<div class=\"elementor-element elementor-element-d1b2c18 e-con-full thegem-e-con-layout-thegem e-flex e-con e-child\" data-id=\"d1b2c18\" data-element_type=\"container\" data-e-type=\"container\" data-settings=\"{&quot;background_background&quot;:&quot;classic&quot;,&quot;thegem_container_layout&quot;:&quot;thegem&quot;}\">\r\n\t\t\t\t<div class=\"elementor-element elementor-element-987be79 flex-horizontal-align-default flex-horizontal-align-tablet-default flex-horizontal-align-mobile-default flex-vertical-align-default flex-vertical-align-tablet-default flex-vertical-align-mobile-default elementor-widget elementor-widget-thegem-animated-heading\" data-id=\"987be79\" data-element_type=\"widget\" data-e-type=\"widget\" data-widget_type=\"thegem-animated-heading.default\">\n\t\t\t\t<div class=\"elementor-widget-container\">\n\t\t\t\t\t<div class=\"thegem-heading thegem-animated-heading title-h4\" id=\"thegem-heading-987be79\"><a href=\"https:\/\/metcomgradnja.com\/prodaja-stanova-subotica\/\"><span class=\"colored\" style=\"color: #FFFFFF;\">Prodaja stanova Subotica<\/span> <\/a><\/div><style type=\"text\/css\">#thegem-heading-987be79 {margin: 0;}<\/style>\t\t\t\t<\/div>\n\t\t\t\t<\/div>\n\t\t\t\t<div class=\"elementor-element elementor-element-99670da flex-horizontal-align-default flex-horizontal-align-tablet-default flex-horizontal-align-mobile-default flex-vertical-align-default flex-vertical-align-tablet-default flex-vertical-align-mobile-default elementor-widget elementor-widget-thegem-animated-heading\" data-id=\"99670da\" data-element_type=\"widget\" data-e-type=\"widget\" data-widget_type=\"thegem-animated-heading.default\">\n\t\t\t\t<div class=\"elementor-widget-container\">\n\t\t\t\t\t<div class=\"thegem-heading thegem-animated-heading text-body\" id=\"thegem-heading-99670da\"><span class=\"colored\" style=\"font-style: italic; color: #FFFFFF;\">&quot;U srcu na\u0161eg grada&quot;<\/span> <\/div><style type=\"text\/css\">#thegem-heading-99670da {margin: 0;}<\/style>\t\t\t\t<\/div>\n\t\t\t\t<\/div>\n\t\t\t\t<\/div>\n\t\t<div class=\"elementor-element elementor-element-cfaec39 e-con-full thegem-e-con-layout-thegem e-flex e-con e-child\" data-id=\"cfaec39\" data-element_type=\"container\" data-e-type=\"container\" data-settings=\"{&quot;background_background&quot;:&quot;classic&quot;,&quot;thegem_container_layout&quot;:&quot;thegem&quot;}\">\r\n\t\t\t\t<div class=\"elementor-element elementor-element-85de81a flex-horizontal-align-default flex-horizontal-align-tablet-default flex-horizontal-align-mobile-default flex-vertical-align-default flex-vertical-align-tablet-default flex-vertical-align-mobile-default elementor-widget elementor-widget-thegem-animated-heading\" data-id=\"85de81a\" data-element_type=\"widget\" data-e-type=\"widget\" data-widget_type=\"thegem-animated-heading.default\">\n\t\t\t\t<div class=\"elementor-widget-container\">\n\t\t\t\t\t<div class=\"thegem-heading thegem-animated-heading title-h4\" id=\"thegem-heading-85de81a\"><a href=\"https:\/\/metcomgradnja.com\/prodaja-stanova-palic\/\"><span class=\"colored\" style=\"color: #FFFFFF;\">Prodaja stanova Pali\u0107<\/span> <\/a><\/div><style type=\"text\/css\">#thegem-heading-85de81a {margin: 0;}<\/style>\t\t\t\t<\/div>\n\t\t\t\t<\/div>\n\t\t\t\t<div class=\"elementor-element elementor-element-6433325 flex-horizontal-align-default flex-horizontal-align-tablet-default flex-horizontal-align-mobile-default flex-vertical-align-default flex-vertical-align-tablet-default flex-vertical-align-mobile-default elementor-widget elementor-widget-thegem-animated-heading\" data-id=\"6433325\" data-element_type=\"widget\" data-e-type=\"widget\" data-widget_type=\"thegem-animated-heading.default\">\n\t\t\t\t<div class=\"elementor-widget-container\">\n\t\t\t\t\t<div class=\"thegem-heading thegem-animated-heading text-body\" id=\"thegem-heading-6433325\"><span class=\"colored\" style=\"font-style: italic; color: #FFFFFF;\">&quot;Spoj\u00a0komfora i prirode&quot;<\/span> <\/div><style type=\"text\/css\">#thegem-heading-6433325 {margin: 0;}<\/style>\t\t\t\t<\/div>\n\t\t\t\t<\/div>\n\t\t\t\t<\/div>\n\t\t\t\t<\/div>\n\t\t<div class=\"elementor-element elementor-element-86b1277 thegem-e-con-layout-thegem e-flex e-con-boxed e-con e-parent\" data-id=\"86b1277\" data-element_type=\"container\" data-e-type=\"container\" data-settings=\"{&quot;background_background&quot;:&quot;classic&quot;,&quot;thegem_container_layout&quot;:&quot;thegem&quot;}\">\r\n\t\t\t\t\t<div class=\"e-con-inner\">\r\n\t\t<div class=\"elementor-element elementor-element-020aaa6 e-con-full thegem-e-con-layout-thegem e-flex e-con e-child\" data-id=\"020aaa6\" data-element_type=\"container\" data-e-type=\"container\" data-settings=\"{&quot;thegem_container_layout&quot;:&quot;thegem&quot;}\">\r\n\t\t\t\t<div class=\"elementor-element elementor-element-c344895 flex-horizontal-align-default flex-horizontal-align-tablet-default flex-horizontal-align-mobile-default flex-vertical-align-default flex-vertical-align-tablet-default flex-vertical-align-mobile-default elementor-widget elementor-widget-text-editor\" data-id=\"c344895\" data-element_type=\"widget\" data-e-type=\"widget\" data-widget_type=\"text-editor.default\">\n\t\t\t\t<div class=\"elementor-widget-container\">\n\t\t\t\t\t\t\t\t\t\t\t\t<div class=\"elementor-text-editor elementor-clearfix\">\r\n\t\t\t\t\t\t<p style=\"text-align: left;\">Iskusite \u017eivot na jednoj od najpresti\u017enijih lokacija u Subotici. Na\u0161a ekskluzivna ponuda za prodaju stanova u Masarikovoj ulici donosi vam priliku da budete u samom centru gradskih de\u0161avanja.<\/p><p style=\"text-align: left;\">Nudimo moderne stanove u novogradnji koji spajaju premium kvalitet izrade i nenadma\u0161nu lokaciju. Kupovina stana u Masarikovoj ulici je sigurna investicija i garancija za udoban i ispunjen \u017eivot.<\/p>\t\t\t\t\t\t\t<\/div>\r\n\t\t\t\t\t\t\t\t\t\t<\/div>\n\t\t\t\t<\/div>\n\t\t\t\t<\/div>\n\t\t\t\t\t<\/div>\n\t\t\t\t<\/div>\n\t\t\t\t<\/div>\n\t\t","protected":false},"excerpt":{"rendered":"<p>Prodaja Stanova Masarikova &#8211; RASPRODATO Prodaja stanova Subotica #thegem-heading-987be79 {margin: 0;} &quot;U srcu na\u0161eg grada&quot; #thegem-heading-99670da {margin: 0;} Prodaja stanova&#8230;<\/p>\n","protected":false},"author":3,"featured_media":0,"parent":0,"menu_order":0,"comment_status":"closed","ping_status":"closed","template":"","meta":{"_acf_changed":false,"footnotes":""},"class_list":["post-12959","page","type-page","status-publish"],"acf":[],"aioseo_notices":[],"_links":{"self":[{"href":"https:\/\/metcomgradnja.com\/tr\/wp-json\/wp\/v2\/pages\/12959","targetHints":{"allow":["GET"]}}],"collection":[{"href":"https:\/\/metcomgradnja.com\/tr\/wp-json\/wp\/v2\/pages"}],"about":[{"href":"https:\/\/metcomgradnja.com\/tr\/wp-json\/wp\/v2\/types\/page"}],"author":[{"embeddable":true,"href":"https:\/\/metcomgradnja.com\/tr\/wp-json\/wp\/v2\/users\/3"}],"replies":[{"embeddable":true,"href":"https:\/\/metcomgradnja.com\/tr\/wp-json\/wp\/v2\/comments?post=12959"}],"version-history":[{"count":10,"href":"https:\/\/metcomgradnja.com\/tr\/wp-json\/wp\/v2\/pages\/12959\/revisions"}],"predecessor-version":[{"id":13130,"href":"https:\/\/metcomgradnja.com\/tr\/wp-json\/wp\/v2\/pages\/12959\/revisions\/13130"}],"wp:attachment":[{"href":"https:\/\/metcomgradnja.com\/tr\/wp-json\/wp\/v2\/media?parent=12959"}],"curies":[{"name":"wp","href":"https:\/\/api.w.org\/{rel}","templated":true}]}}